{"id":2,"date":"2016-04-29T12:26:27","date_gmt":"2016-04-29T12:26:27","guid":{"rendered":"http:\/\/beacon.themerex.net\/?page_id=2"},"modified":"2024-04-07T19:39:17","modified_gmt":"2024-04-07T19:39:17","slug":"home","status":"publish","type":"page","link":"https:\/\/urnassaogoncalo.com.br\/","title":{"rendered":"Home"},"content":{"rendered":"<div class=\"wpb-content-wrapper\"><p>[vc_row][vc_column parallax=&#8221;content-moving&#8221;][vc_hoverbox image=&#8221;806&#8243; primary_title=&#8221;A Melhor Tecnologia na produ\u00e7\u00e3o de Urnas Funer\u00e1rias&#8221; primary_title_css_animation=&#8221;bounceInLeft&#8221; hover_title=&#8221;Alta Tecnologia em todo processo produtivo!&#8221; use_custom_fonts_primary_title=&#8221;true&#8221;]Com equipamentos de ultima gera\u00e7\u00e3o, fluxo de produ\u00e7\u00e3o moderno e produtivo, a produ\u00e7\u00e3o de urnas funer\u00e1rias da S\u00e3o Gon\u00e7alo segue padr\u00f5es internacionais de qualidade e otimiza\u00e7\u00e3o de processos![\/vc_hoverbox][\/vc_column][vc_column css_animation=&#8221;bounceIn&#8221;]<h2 class=\"sc_title sc_title_divider sc_align_center margin_top_huge\" style=\"text-align:center;\"><span class=\"sc_title_divider_before\"><\/span>PRODUTOS RECENTES<span class=\"sc_title_divider_after\"><\/span><\/h2><div class=\"woocommerce columns-4 \"><ul class=\"products columns-4\">\n<li class=\"product type-product post-769 status-publish first instock product_cat-sem-categoria has-post-thumbnail shipping-taxable product-type-simple\">\n\t<a href=\"https:\/\/urnassaogoncalo.com.br\/index.php\/product\/plano-01\/\" class=\"woocommerce-LoopProduct-link woocommerce-loop-product__link\"><img loading=\"lazy\" decoding=\"async\" width=\"300\" height=\"199\" src=\"https:\/\/urnassaogoncalo.com.br\/wp-content\/uploads\/2024\/04\/Plano-1-300x199.jpg\" class=\"attachment-woocommerce_thumbnail size-woocommerce_thumbnail\" alt=\"\" srcset=\"https:\/\/urnassaogoncalo.com.br\/wp-content\/uploads\/2024\/04\/Plano-1-300x199.jpg 300w, https:\/\/urnassaogoncalo.com.br\/wp-content\/uploads\/2024\/04\/Plano-1-600x399.jpg 600w, https:\/\/urnassaogoncalo.com.br\/wp-content\/uploads\/2024\/04\/Plano-1-1024x680.jpg 1024w, https:\/\/urnassaogoncalo.com.br\/wp-content\/uploads\/2024\/04\/Plano-1-768x510.jpg 768w, https:\/\/urnassaogoncalo.com.br\/wp-content\/uploads\/2024\/04\/Plano-1-1536x1020.jpg 1536w, https:\/\/urnassaogoncalo.com.br\/wp-content\/uploads\/2024\/04\/Plano-1-2048x1360.jpg 2048w\" sizes=\"auto, (max-width: 300px) 100vw, 300px\" \/><h2 class=\"woocommerce-loop-product__title\">Urna Plano 01<\/h2>\n<\/a><a href=\"https:\/\/urnassaogoncalo.com.br\/index.php\/product\/plano-01\/\" data-quantity=\"1\" class=\"button product_type_simple\" data-product_id=\"769\" data-product_sku=\"\" aria-label=\"Read more about &ldquo;Urna Plano 01&rdquo;\" aria-describedby=\"\" rel=\"nofollow\">Read more<\/a><\/li>\n<li class=\"product type-product post-787 status-publish instock product_cat-sem-categoria has-post-thumbnail shipping-taxable product-type-simple\">\n\t<a href=\"https:\/\/urnassaogoncalo.com.br\/index.php\/product\/urna-pax-luxo-visor-inteiro\/\" class=\"woocommerce-LoopProduct-link woocommerce-loop-product__link\"><img loading=\"lazy\" decoding=\"async\" width=\"300\" height=\"107\" src=\"https:\/\/urnassaogoncalo.com.br\/wp-content\/uploads\/2024\/04\/1e7ae153-eacc-46b7-b193-7548b137036c-300x107.jpg\" class=\"attachment-woocommerce_thumbnail size-woocommerce_thumbnail\" alt=\"\" srcset=\"https:\/\/urnassaogoncalo.com.br\/wp-content\/uploads\/2024\/04\/1e7ae153-eacc-46b7-b193-7548b137036c-300x107.jpg 300w, https:\/\/urnassaogoncalo.com.br\/wp-content\/uploads\/2024\/04\/1e7ae153-eacc-46b7-b193-7548b137036c-600x215.jpg 600w, https:\/\/urnassaogoncalo.com.br\/wp-content\/uploads\/2024\/04\/1e7ae153-eacc-46b7-b193-7548b137036c-1024x367.jpg 1024w, https:\/\/urnassaogoncalo.com.br\/wp-content\/uploads\/2024\/04\/1e7ae153-eacc-46b7-b193-7548b137036c-768x275.jpg 768w, https:\/\/urnassaogoncalo.com.br\/wp-content\/uploads\/2024\/04\/1e7ae153-eacc-46b7-b193-7548b137036c-1536x550.jpg 1536w, https:\/\/urnassaogoncalo.com.br\/wp-content\/uploads\/2024\/04\/1e7ae153-eacc-46b7-b193-7548b137036c.jpg 1600w\" sizes=\"auto, (max-width: 300px) 100vw, 300px\" \/><h2 class=\"woocommerce-loop-product__title\">Urna pax luxo visor inteiro<\/h2>\n<\/a><a href=\"https:\/\/urnassaogoncalo.com.br\/index.php\/product\/urna-pax-luxo-visor-inteiro\/\" data-quantity=\"1\" class=\"button product_type_simple\" data-product_id=\"787\" data-product_sku=\"\" aria-label=\"Read more about &ldquo;Urna pax luxo visor inteiro&rdquo;\" aria-describedby=\"\" rel=\"nofollow\">Read more<\/a><\/li>\n<li class=\"product type-product post-785 status-publish instock product_cat-sem-categoria has-post-thumbnail shipping-taxable product-type-simple\">\n\t<a href=\"https:\/\/urnassaogoncalo.com.br\/index.php\/product\/urna-pax-luxo-visor-3-4\/\" class=\"woocommerce-LoopProduct-link woocommerce-loop-product__link\"><img loading=\"lazy\" decoding=\"async\" width=\"300\" height=\"100\" src=\"https:\/\/urnassaogoncalo.com.br\/wp-content\/uploads\/2024\/04\/9b53bf81-2601-4e3f-bf11-b425ac85c003-300x100.jpg\" class=\"attachment-woocommerce_thumbnail size-woocommerce_thumbnail\" alt=\"\" srcset=\"https:\/\/urnassaogoncalo.com.br\/wp-content\/uploads\/2024\/04\/9b53bf81-2601-4e3f-bf11-b425ac85c003-300x100.jpg 300w, https:\/\/urnassaogoncalo.com.br\/wp-content\/uploads\/2024\/04\/9b53bf81-2601-4e3f-bf11-b425ac85c003-600x201.jpg 600w, https:\/\/urnassaogoncalo.com.br\/wp-content\/uploads\/2024\/04\/9b53bf81-2601-4e3f-bf11-b425ac85c003-1024x342.jpg 1024w, https:\/\/urnassaogoncalo.com.br\/wp-content\/uploads\/2024\/04\/9b53bf81-2601-4e3f-bf11-b425ac85c003-768x257.jpg 768w, https:\/\/urnassaogoncalo.com.br\/wp-content\/uploads\/2024\/04\/9b53bf81-2601-4e3f-bf11-b425ac85c003-1536x514.jpg 1536w, https:\/\/urnassaogoncalo.com.br\/wp-content\/uploads\/2024\/04\/9b53bf81-2601-4e3f-bf11-b425ac85c003.jpg 1600w\" sizes=\"auto, (max-width: 300px) 100vw, 300px\" \/><h2 class=\"woocommerce-loop-product__title\">Urna pax luxo visor 3\/4<\/h2>\n<\/a><a href=\"https:\/\/urnassaogoncalo.com.br\/index.php\/product\/urna-pax-luxo-visor-3-4\/\" data-quantity=\"1\" class=\"button product_type_simple\" data-product_id=\"785\" data-product_sku=\"\" aria-label=\"Read more about &ldquo;Urna pax luxo visor 3\/4&rdquo;\" aria-describedby=\"\" rel=\"nofollow\">Read more<\/a><\/li>\n<li class=\"product type-product post-783 status-publish last instock product_cat-sem-categoria has-post-thumbnail shipping-taxable product-type-simple\">\n\t<a href=\"https:\/\/urnassaogoncalo.com.br\/index.php\/product\/urna-pax-decorada\/\" class=\"woocommerce-LoopProduct-link woocommerce-loop-product__link\"><img loading=\"lazy\" decoding=\"async\" width=\"300\" height=\"92\" src=\"https:\/\/urnassaogoncalo.com.br\/wp-content\/uploads\/2024\/04\/95927a17-2a19-4dd4-87b0-f59c9963caa8-300x92.jpg\" class=\"attachment-woocommerce_thumbnail size-woocommerce_thumbnail\" alt=\"\" srcset=\"https:\/\/urnassaogoncalo.com.br\/wp-content\/uploads\/2024\/04\/95927a17-2a19-4dd4-87b0-f59c9963caa8-300x92.jpg 300w, https:\/\/urnassaogoncalo.com.br\/wp-content\/uploads\/2024\/04\/95927a17-2a19-4dd4-87b0-f59c9963caa8-600x185.jpg 600w, https:\/\/urnassaogoncalo.com.br\/wp-content\/uploads\/2024\/04\/95927a17-2a19-4dd4-87b0-f59c9963caa8-1024x316.jpg 1024w, https:\/\/urnassaogoncalo.com.br\/wp-content\/uploads\/2024\/04\/95927a17-2a19-4dd4-87b0-f59c9963caa8-768x237.jpg 768w, https:\/\/urnassaogoncalo.com.br\/wp-content\/uploads\/2024\/04\/95927a17-2a19-4dd4-87b0-f59c9963caa8-1536x473.jpg 1536w, https:\/\/urnassaogoncalo.com.br\/wp-content\/uploads\/2024\/04\/95927a17-2a19-4dd4-87b0-f59c9963caa8.jpg 1600w\" sizes=\"auto, (max-width: 300px) 100vw, 300px\" \/><h2 class=\"woocommerce-loop-product__title\">Urna Pax decorada<\/h2>\n<\/a><a href=\"https:\/\/urnassaogoncalo.com.br\/index.php\/product\/urna-pax-decorada\/\" data-quantity=\"1\" class=\"button product_type_simple\" data-product_id=\"783\" data-product_sku=\"\" aria-label=\"Read more about &ldquo;Urna Pax decorada&rdquo;\" aria-describedby=\"\" rel=\"nofollow\">Read more<\/a><\/li>\n<li class=\"product type-product post-781 status-publish first instock product_cat-sem-categoria has-post-thumbnail shipping-taxable product-type-simple\">\n\t<a href=\"https:\/\/urnassaogoncalo.com.br\/index.php\/product\/urna-pax-c-imagem\/\" class=\"woocommerce-LoopProduct-link woocommerce-loop-product__link\"><img loading=\"lazy\" decoding=\"async\" width=\"300\" height=\"99\" src=\"https:\/\/urnassaogoncalo.com.br\/wp-content\/uploads\/2024\/04\/6e1a0892-86a7-44c1-a44f-4ef07e152d7d-300x99.jpg\" class=\"attachment-woocommerce_thumbnail size-woocommerce_thumbnail\" alt=\"\" srcset=\"https:\/\/urnassaogoncalo.com.br\/wp-content\/uploads\/2024\/04\/6e1a0892-86a7-44c1-a44f-4ef07e152d7d-300x99.jpg 300w, https:\/\/urnassaogoncalo.com.br\/wp-content\/uploads\/2024\/04\/6e1a0892-86a7-44c1-a44f-4ef07e152d7d-600x198.jpg 600w, https:\/\/urnassaogoncalo.com.br\/wp-content\/uploads\/2024\/04\/6e1a0892-86a7-44c1-a44f-4ef07e152d7d-1024x338.jpg 1024w, https:\/\/urnassaogoncalo.com.br\/wp-content\/uploads\/2024\/04\/6e1a0892-86a7-44c1-a44f-4ef07e152d7d-768x253.jpg 768w, https:\/\/urnassaogoncalo.com.br\/wp-content\/uploads\/2024\/04\/6e1a0892-86a7-44c1-a44f-4ef07e152d7d-1536x507.jpg 1536w, https:\/\/urnassaogoncalo.com.br\/wp-content\/uploads\/2024\/04\/6e1a0892-86a7-44c1-a44f-4ef07e152d7d.jpg 1600w\" sizes=\"auto, (max-width: 300px) 100vw, 300px\" \/><h2 class=\"woocommerce-loop-product__title\">Urna Pax c\/ imagem<\/h2>\n<\/a><a href=\"https:\/\/urnassaogoncalo.com.br\/index.php\/product\/urna-pax-c-imagem\/\" data-quantity=\"1\" class=\"button product_type_simple\" data-product_id=\"781\" data-product_sku=\"\" aria-label=\"Read more about &ldquo;Urna Pax c\/ imagem&rdquo;\" aria-describedby=\"\" rel=\"nofollow\">Read more<\/a><\/li>\n<li class=\"product type-product post-776 status-publish instock product_cat-sem-categoria has-post-thumbnail shipping-taxable product-type-simple\">\n\t<a href=\"https:\/\/urnassaogoncalo.com.br\/index.php\/product\/urna-pax\/\" class=\"woocommerce-LoopProduct-link woocommerce-loop-product__link\"><img loading=\"lazy\" decoding=\"async\" width=\"300\" height=\"105\" src=\"https:\/\/urnassaogoncalo.com.br\/wp-content\/uploads\/2024\/04\/5244fb4d-be6d-4e24-9438-cffc7c1ae1b8-300x105.jpg\" class=\"attachment-woocommerce_thumbnail size-woocommerce_thumbnail\" alt=\"\" srcset=\"https:\/\/urnassaogoncalo.com.br\/wp-content\/uploads\/2024\/04\/5244fb4d-be6d-4e24-9438-cffc7c1ae1b8-300x105.jpg 300w, https:\/\/urnassaogoncalo.com.br\/wp-content\/uploads\/2024\/04\/5244fb4d-be6d-4e24-9438-cffc7c1ae1b8-600x211.jpg 600w, https:\/\/urnassaogoncalo.com.br\/wp-content\/uploads\/2024\/04\/5244fb4d-be6d-4e24-9438-cffc7c1ae1b8-1024x360.jpg 1024w, https:\/\/urnassaogoncalo.com.br\/wp-content\/uploads\/2024\/04\/5244fb4d-be6d-4e24-9438-cffc7c1ae1b8-768x270.jpg 768w, https:\/\/urnassaogoncalo.com.br\/wp-content\/uploads\/2024\/04\/5244fb4d-be6d-4e24-9438-cffc7c1ae1b8-1536x540.jpg 1536w, https:\/\/urnassaogoncalo.com.br\/wp-content\/uploads\/2024\/04\/5244fb4d-be6d-4e24-9438-cffc7c1ae1b8.jpg 1600w\" sizes=\"auto, (max-width: 300px) 100vw, 300px\" \/><h2 class=\"woocommerce-loop-product__title\">Urna Pax<\/h2>\n<\/a><a href=\"https:\/\/urnassaogoncalo.com.br\/index.php\/product\/urna-pax\/\" data-quantity=\"1\" class=\"button product_type_simple\" data-product_id=\"776\" data-product_sku=\"\" aria-label=\"Read more about &ldquo;Urna Pax&rdquo;\" aria-describedby=\"\" rel=\"nofollow\">Read more<\/a><\/li>\n<li class=\"product type-product post-856 status-publish instock product_cat-sem-categoria has-post-thumbnail shipping-taxable product-type-simple\">\n\t<a href=\"https:\/\/urnassaogoncalo.com.br\/index.php\/product\/urna-infantil-super-luxo-cerejeira-060-080\/\" class=\"woocommerce-LoopProduct-link woocommerce-loop-product__link\"><img loading=\"lazy\" decoding=\"async\" width=\"300\" height=\"528\" src=\"https:\/\/urnassaogoncalo.com.br\/wp-content\/uploads\/2024\/04\/c5ecea07-74f9-411d-a2ac-8fff0da52023-300x528.jpg\" class=\"attachment-woocommerce_thumbnail size-woocommerce_thumbnail\" alt=\"\" srcset=\"https:\/\/urnassaogoncalo.com.br\/wp-content\/uploads\/2024\/04\/c5ecea07-74f9-411d-a2ac-8fff0da52023-300x528.jpg 300w, https:\/\/urnassaogoncalo.com.br\/wp-content\/uploads\/2024\/04\/c5ecea07-74f9-411d-a2ac-8fff0da52023-170x300.jpg 170w, https:\/\/urnassaogoncalo.com.br\/wp-content\/uploads\/2024\/04\/c5ecea07-74f9-411d-a2ac-8fff0da52023.jpg 330w\" sizes=\"auto, (max-width: 300px) 100vw, 300px\" \/><h2 class=\"woocommerce-loop-product__title\">Urna infantil super luxo cerejeira 0,60 \/ 0,80<\/h2>\n<\/a><a href=\"https:\/\/urnassaogoncalo.com.br\/index.php\/product\/urna-infantil-super-luxo-cerejeira-060-080\/\" data-quantity=\"1\" class=\"button product_type_simple\" data-product_id=\"856\" data-product_sku=\"\" aria-label=\"Read more about &ldquo;Urna infantil super luxo cerejeira 0,60 \/ 0,80&rdquo;\" aria-describedby=\"\" rel=\"nofollow\">Read more<\/a><\/li>\n<li class=\"product type-product post-854 status-publish last instock product_cat-sem-categoria has-post-thumbnail shipping-taxable product-type-simple\">\n\t<a href=\"https:\/\/urnassaogoncalo.com.br\/index.php\/product\/urna-infantil-luxo-060-080-100-120-140-160\/\" class=\"woocommerce-LoopProduct-link woocommerce-loop-product__link\"><img loading=\"lazy\" decoding=\"async\" width=\"300\" height=\"561\" src=\"https:\/\/urnassaogoncalo.com.br\/wp-content\/uploads\/2024\/04\/119ea6b0-9347-489a-9c2b-3392136aa7b2-300x561.jpg\" class=\"attachment-woocommerce_thumbnail size-woocommerce_thumbnail\" alt=\"\" srcset=\"https:\/\/urnassaogoncalo.com.br\/wp-content\/uploads\/2024\/04\/119ea6b0-9347-489a-9c2b-3392136aa7b2-300x561.jpg 300w, https:\/\/urnassaogoncalo.com.br\/wp-content\/uploads\/2024\/04\/119ea6b0-9347-489a-9c2b-3392136aa7b2-160x300.jpg 160w, https:\/\/urnassaogoncalo.com.br\/wp-content\/uploads\/2024\/04\/119ea6b0-9347-489a-9c2b-3392136aa7b2.jpg 393w\" sizes=\"auto, (max-width: 300px) 100vw, 300px\" \/><h2 class=\"woocommerce-loop-product__title\">Urna Infantil luxo 0,60 \/ 0,80 \/ 1,00 \/ 1,20 \/ 1,40 \/ 1,60<\/h2>\n<\/a><a href=\"https:\/\/urnassaogoncalo.com.br\/index.php\/product\/urna-infantil-luxo-060-080-100-120-140-160\/\" data-quantity=\"1\" class=\"button product_type_simple\" data-product_id=\"854\" data-product_sku=\"\" aria-label=\"Read more about &ldquo;Urna Infantil luxo 0,60 \/ 0,80 \/ 1,00 \/ 1,20 \/ 1,40 \/ 1,60&rdquo;\" aria-describedby=\"\" rel=\"nofollow\">Read more<\/a><\/li>\n<\/ul>\n<\/div>[vc_gmaps link=&#8221;#E-8_JTNDaWZyYW1lJTIwc3JjJTNEJTIyaHR0cHMlM0ElMkYlMkZ3d3cuZ29vZ2xlLmNvbSUyRm1hcHMlMkZlbWJlZCUzRnBiJTNEJTIxMW0xOCUyMTFtMTIlMjExbTMlMjExZDM4OTguMjcxMTA3NDUzMDI3NSUyMTJkLTM4Ljk2NDQ0NzkyNDE4MDg2JTIxM2QtMTIuMjk3NTIwNzQ2NjIxNzk4JTIxMm0zJTIxMWYwJTIxMmYwJTIxM2YwJTIxM20yJTIxMWkxMDI0JTIxMmk3NjglMjE0ZjEzLjElMjEzbTMlMjExbTIlMjExczB4NzE0Mzc5YWQwNWQyM2Y5JTI1M0EweGRiOTQ5OTNjMmI3N2QzYjElMjEyelNXNWt3N3B6ZEhKcFlTQmtaU0JWY201aGN5QkdkVzVsY3NPaGNtbGhjeUJUdzZOdklFZHZic09uWVd4diUyMTVlMCUyMTNtMiUyMTFzcHQtQlIlMjEyc2JyJTIxNHYxNzEyNTE3OTEyODgzJTIxNW0yJTIxMXNwdC1CUiUyMTJzYnIlMjIlMjB3aWR0aCUzRCUyMjYwMCUyMiUyMGhlaWdodCUzRCUyMjQ1MCUyMiUyMHN0eWxlJTNEJTIyYm9yZGVyJTNBMCUzQiUyMiUyMGFsbG93ZnVsbHNjcmVlbiUzRCUyMiUyMiUyMGxvYWRpbmclM0QlMjJsYXp5JTIyJTIwcmVmZXJyZXJwb2xpY3klM0QlMjJuby1yZWZlcnJlci13aGVuLWRvd25ncmFkZSUyMiUzRSUzQyUyRmlmcmFtZSUzRQ==&#8221; size=&#8221;350&#8243;][\/vc_column][vc_column][\/vc_column][\/vc_row]<\/p>\n<\/div>","protected":false},"excerpt":{"rendered":"<p>[vc_row][vc_column parallax=&#8221;content-moving&#8221;][vc_hoverbox image=&#8221;806&#8243; primary_title=&#8221;A Melhor Tecnologia na produ\u00e7\u00e3o de Urnas Funer\u00e1rias&#8221; primary_title_css_animation=&#8221;bounceInLeft&#8221; hover_title=&#8221;Alta Tecnologia em todo processo produtivo!&#8221; use_custom_fonts_primary_title=&#8221;true&#8221;]Com equipamentos de ultima gera\u00e7\u00e3o, fluxo de produ\u00e7\u00e3o moderno e produtivo, a produ\u00e7\u00e3o de urnas funer\u00e1rias da S\u00e3o Gon\u00e7alo segue padr\u00f5es internacionais de qualidade e otimiza\u00e7\u00e3o de processos![\/vc_hoverbox][\/vc_column][vc_column css_animation=&#8221;bounceIn&#8221;][vc_gmaps link=&#8221;#E-8_JTNDaWZyYW1lJTIwc3JjJTNEJTIyaHR0cHMlM0ElMkYlMkZ3d3cuZ29vZ2xlLmNvbSUyRm1hcHMlMkZlbWJlZCUzRnBiJTNEJTIxMW0xOCUyMTFtMTIlMjExbTMlMjExZDM4OTguMjcxMTA3NDUzMDI3NSUyMTJkLTM4Ljk2NDQ0NzkyNDE4MDg2JTIxM2QtMTIuMjk3NTIwNzQ2NjIxNzk4JTIxMm0zJTIxMWYwJTIxMmYwJTIxM2YwJTIxM20yJTIxMWkxMDI0JTIxMmk3NjglMjE0ZjEzLjElMjEzbTMlMjExbTIlMjExczB4NzE0Mzc5YWQwNWQyM2Y5JTI1M0EweGRiOTQ5OTNjMmI3N2QzYjElMjEyelNXNWt3N3B6ZEhKcFlTQmtaU0JWY201aGN5QkdkVzVsY3NPaGNtbGhjeUJUdzZOdklFZHZic09uWVd4diUyMTVlMCUyMTNtMiUyMTFzcHQtQlIlMjEyc2JyJTIxNHYxNzEyNTE3OTEyODgzJTIxNW0yJTIxMXNwdC1CUiUyMTJzYnIlMjIlMjB3aWR0aCUzRCUyMjYwMCUyMiUyMGhlaWdodCUzRCUyMjQ1MCUyMiUyMHN0eWxlJTNEJTIyYm9yZGVyJTNBMCUzQiUyMiUyMGFsbG93ZnVsbHNjcmVlbiUzRCUyMiUyMiUyMGxvYWRpbmclM0QlMjJsYXp5JTIyJTIwcmVmZXJyZXJwb2xpY3klM0QlMjJuby1yZWZlcnJlci13aGVuLWRvd25ncmFkZSUyMiUzRSUzQyUyRmlmcmFtZSUzRQ==&#8221; size=&#8221;350&#8243;][\/vc_column][vc_column][\/vc_column][\/vc_row]<\/p>\n","protected":false},"author":1,"featured_media":0,"parent":0,"menu_order":0,"comment_status":"closed","ping_status":"closed","template":"","meta":{"footnotes":""},"class_list":["post-2","page","type-page","status-publish","hentry"],"_links":{"self":[{"href":"https:\/\/urnassaogoncalo.com.br\/index.php\/wp-json\/wp\/v2\/pages\/2","targetHints":{"allow":["GET"]}}],"collection":[{"href":"https:\/\/urnassaogoncalo.com.br\/index.php\/wp-json\/wp\/v2\/pages"}],"about":[{"href":"https:\/\/urnassaogoncalo.com.br\/index.php\/wp-json\/wp\/v2\/types\/page"}],"author":[{"embeddable":true,"href":"https:\/\/urnassaogoncalo.com.br\/index.php\/wp-json\/wp\/v2\/users\/1"}],"replies":[{"embeddable":true,"href":"https:\/\/urnassaogoncalo.com.br\/index.php\/wp-json\/wp\/v2\/comments?post=2"}],"version-history":[{"count":20,"href":"https:\/\/urnassaogoncalo.com.br\/index.php\/wp-json\/wp\/v2\/pages\/2\/revisions"}],"predecessor-version":[{"id":885,"href":"https:\/\/urnassaogoncalo.com.br\/index.php\/wp-json\/wp\/v2\/pages\/2\/revisions\/885"}],"wp:attachment":[{"href":"https:\/\/urnassaogoncalo.com.br\/index.php\/wp-json\/wp\/v2\/media?parent=2"}],"curies":[{"name":"wp","href":"https:\/\/api.w.org\/{rel}","templated":true}]}}